{"id":897,"date":"2018-02-14T10:36:42","date_gmt":"2018-02-14T13:36:42","guid":{"rendered":"http:\/\/macbook-pro-de-wladimick.local\/template1\/?page_id=9"},"modified":"2025-07-07T13:30:03","modified_gmt":"2025-07-07T16:30:03","slug":"quienes-somos","status":"publish","type":"page","link":"https:\/\/olitienda.tnd.cl\/?page_id=897","title":{"rendered":"Qui\u00e9nes Somos"},"content":{"rendered":"<h2>Qui\u00e9nes Somos<\/h2>\n<p data-start=\"236\" data-end=\"611\">En <strong data-start=\"239\" data-end=\"260\">Oli Tienda Vegana<\/strong> creemos que comer rico, saludable y con conciencia es posible. Somos un espacio creado para quienes buscan una alimentaci\u00f3n 100% vegana, libre de crueldad animal, saludable y sostenible. Nuestro prop\u00f3sito es facilitar un estilo de vida m\u00e1s consciente y respetuoso con el planeta, acercando productos que cuidan tanto tu bienestar como el del entorno.<\/p>\n<p data-start=\"613\" data-end=\"926\">Nos esforzamos por ofrecer una selecci\u00f3n variada de alimentos plant-based: desde snacks, productos gourmet y congelados, hasta opciones a granel y org\u00e1nicas. Todos nuestros productos est\u00e1n elaborados sin ingredientes de origen animal y han sido cuidadosamente escogidos para entregarte sabor, calidad y nutrici\u00f3n.<\/p>\n<p data-start=\"928\" data-end=\"1212\">Trabajamos con proveedores locales y marcas \u00e9ticas que comparten nuestros valores, fomentando as\u00ed una econom\u00eda m\u00e1s justa y sustentable. Cada art\u00edculo que encuentras en nuestra tienda tiene una historia que respeta la vida y apuesta por un futuro m\u00e1s amable para todos los seres vivos.<\/p>\n<p data-start=\"1214\" data-end=\"1369\">En Oli, no solo vendemos productos: promovemos una forma de vivir y alimentarse sin culpas, con amor y conciencia. Bienvenid@ a nuestra comunidad vegana \ud83d\udc9a<\/p>\n","protected":false},"excerpt":{"rendered":"<p>Qui\u00e9nes Somos En Oli Tienda Vegana creemos que comer rico, saludable y con conciencia es posible. Somos un espacio creado para quienes buscan una alimentaci\u00f3n 100% vegana, libre de crueldad animal, saludable y sostenible. Nuestro prop\u00f3sito es facilitar un estilo de vida m\u00e1s consciente y respetuoso con el planeta, acercando productos que cuidan tanto tu [&hellip;]<\/p>\n","protected":false},"author":5,"featured_media":0,"parent":0,"menu_order":0,"comment_status":"closed","ping_status":"closed","template":"elementor_header_footer","meta":{"footnotes":""},"class_list":["post-897","page","type-page","status-publish","hentry"],"_links":{"self":[{"href":"https:\/\/olitienda.tnd.cl\/index.php?rest_route=\/wp\/v2\/pages\/897","targetHints":{"allow":["GET"]}}],"collection":[{"href":"https:\/\/olitienda.tnd.cl\/index.php?rest_route=\/wp\/v2\/pages"}],"about":[{"href":"https:\/\/olitienda.tnd.cl\/index.php?rest_route=\/wp\/v2\/types\/page"}],"author":[{"embeddable":true,"href":"https:\/\/olitienda.tnd.cl\/index.php?rest_route=\/wp\/v2\/users\/5"}],"replies":[{"embeddable":true,"href":"https:\/\/olitienda.tnd.cl\/index.php?rest_route=%2Fwp%2Fv2%2Fcomments&post=897"}],"version-history":[{"count":9,"href":"https:\/\/olitienda.tnd.cl\/index.php?rest_route=\/wp\/v2\/pages\/897\/revisions"}],"predecessor-version":[{"id":1003,"href":"https:\/\/olitienda.tnd.cl\/index.php?rest_route=\/wp\/v2\/pages\/897\/revisions\/1003"}],"wp:attachment":[{"href":"https:\/\/olitienda.tnd.cl\/index.php?rest_route=%2Fwp%2Fv2%2Fmedia&parent=897"}],"curies":[{"name":"wp","href":"https:\/\/api.w.org\/{rel}","templated":true}]}}