{"id":1046,"date":"2025-12-05T11:00:23","date_gmt":"2025-12-05T14:00:23","guid":{"rendered":"https:\/\/olitienda.tnd.cl\/?post_type=product&#038;p=1046"},"modified":"2025-12-05T12:59:31","modified_gmt":"2025-12-05T15:59:31","slug":"pokemon-scarlet-violet-white-flare-elite-trainer-box","status":"publish","type":"product","link":"https:\/\/olitienda.tnd.cl\/?product=pokemon-scarlet-violet-white-flare-elite-trainer-box","title":{"rendered":"Pok\u00e9mon Scarlet &#038; Violet White Flare Elite Trainer Box"},"content":{"rendered":"","protected":false},"excerpt":{"rendered":"<p>Pok\u00e9mon White Flare Elite Trainer Box. Pack en ingl\u00e9s. Incluye sobres, carta promo y accesorios de la edici\u00f3n<\/p>\n","protected":false},"featured_media":1076,"comment_status":"closed","ping_status":"closed","template":"","meta":[],"product_cat":[61,62,63],"product_tag":[],"class_list":{"0":"post-1046","1":"product","2":"type-product","3":"status-publish","4":"has-post-thumbnail","6":"product_cat-comics","7":"product_cat-juegos-de-mesa-y-cartas","8":"product_cat-pokemon-tcg","10":"first","11":"instock","12":"shipping-taxable","13":"purchasable","14":"product-type-simple"},"_links":{"self":[{"href":"https:\/\/olitienda.tnd.cl\/index.php?rest_route=\/wp\/v2\/product\/1046","targetHints":{"allow":["GET"]}}],"collection":[{"href":"https:\/\/olitienda.tnd.cl\/index.php?rest_route=\/wp\/v2\/product"}],"about":[{"href":"https:\/\/olitienda.tnd.cl\/index.php?rest_route=\/wp\/v2\/types\/product"}],"replies":[{"embeddable":true,"href":"https:\/\/olitienda.tnd.cl\/index.php?rest_route=%2Fwp%2Fv2%2Fcomments&post=1046"}],"wp:featuredmedia":[{"embeddable":true,"href":"https:\/\/olitienda.tnd.cl\/index.php?rest_route=\/wp\/v2\/media\/1076"}],"wp:attachment":[{"href":"https:\/\/olitienda.tnd.cl\/index.php?rest_route=%2Fwp%2Fv2%2Fmedia&parent=1046"}],"wp:term":[{"taxonomy":"product_cat","embeddable":true,"href":"https:\/\/olitienda.tnd.cl\/index.php?rest_route=%2Fwp%2Fv2%2Fproduct_cat&post=1046"},{"taxonomy":"product_tag","embeddable":true,"href":"https:\/\/olitienda.tnd.cl\/index.php?rest_route=%2Fwp%2Fv2%2Fproduct_tag&post=1046"}],"curies":[{"name":"wp","href":"https:\/\/api.w.org\/{rel}","templated":true}]}}