{"id":1183,"date":"2025-12-05T11:01:56","date_gmt":"2025-12-05T14:01:56","guid":{"rendered":"https:\/\/olitienda.tnd.cl\/?post_type=product&#038;p=1183"},"modified":"2025-12-05T12:59:31","modified_gmt":"2025-12-05T15:59:31","slug":"pokemon-scarlet-violet-destined-rivals-sobre-de-expansion","status":"publish","type":"product","link":"https:\/\/olitienda.tnd.cl\/?product=pokemon-scarlet-violet-destined-rivals-sobre-de-expansion","title":{"rendered":"Pok\u00e9mon Scarlet &#038; Violet Destined Rivals &#8211; Sobre de expansi\u00f3n"},"content":{"rendered":"","protected":false},"excerpt":{"rendered":"<p>Pok\u00e9mon Scarlet &amp; Violet Destined Rivals &#8211; Sobre de expansi\u00f3n<\/p>\n","protected":false},"featured_media":1226,"comment_status":"closed","ping_status":"closed","template":"","meta":[],"product_cat":[61,62,63],"product_tag":[],"class_list":{"0":"post-1183","1":"product","2":"type-product","3":"status-publish","4":"has-post-thumbnail","6":"product_cat-comics","7":"product_cat-juegos-de-mesa-y-cartas","8":"product_cat-pokemon-tcg","10":"first","11":"instock","12":"shipping-taxable","13":"purchasable","14":"product-type-simple"},"_links":{"self":[{"href":"https:\/\/olitienda.tnd.cl\/index.php?rest_route=\/wp\/v2\/product\/1183","targetHints":{"allow":["GET"]}}],"collection":[{"href":"https:\/\/olitienda.tnd.cl\/index.php?rest_route=\/wp\/v2\/product"}],"about":[{"href":"https:\/\/olitienda.tnd.cl\/index.php?rest_route=\/wp\/v2\/types\/product"}],"replies":[{"embeddable":true,"href":"https:\/\/olitienda.tnd.cl\/index.php?rest_route=%2Fwp%2Fv2%2Fcomments&post=1183"}],"wp:featuredmedia":[{"embeddable":true,"href":"https:\/\/olitienda.tnd.cl\/index.php?rest_route=\/wp\/v2\/media\/1226"}],"wp:attachment":[{"href":"https:\/\/olitienda.tnd.cl\/index.php?rest_route=%2Fwp%2Fv2%2Fmedia&parent=1183"}],"wp:term":[{"taxonomy":"product_cat","embeddable":true,"href":"https:\/\/olitienda.tnd.cl\/index.php?rest_route=%2Fwp%2Fv2%2Fproduct_cat&post=1183"},{"taxonomy":"product_tag","embeddable":true,"href":"https:\/\/olitienda.tnd.cl\/index.php?rest_route=%2Fwp%2Fv2%2Fproduct_tag&post=1183"}],"curies":[{"name":"wp","href":"https:\/\/api.w.org\/{rel}","templated":true}]}}