{"id":1653,"date":"2025-12-05T11:05:24","date_gmt":"2025-12-05T14:05:24","guid":{"rendered":"https:\/\/olitienda.tnd.cl\/?post_type=product&#038;p=1653"},"modified":"2025-12-05T12:59:31","modified_gmt":"2025-12-05T15:59:31","slug":"coleccion-zacian-ex-de-paul-espanol","status":"publish","type":"product","link":"https:\/\/olitienda.tnd.cl\/?product=coleccion-zacian-ex-de-paul-espanol","title":{"rendered":"Colecci\u00f3n Zacian EX de Paul (Espa\u00f1ol)"},"content":{"rendered":"","protected":false},"excerpt":{"rendered":"<p>Colecci\u00f3n Zacian EX de Paul (Espa\u00f1ol)<\/p>\n","protected":false},"featured_media":1693,"comment_status":"closed","ping_status":"closed","template":"","meta":[],"product_cat":[61,62,63],"product_tag":[],"class_list":{"0":"post-1653","1":"product","2":"type-product","3":"status-publish","4":"has-post-thumbnail","6":"product_cat-comics","7":"product_cat-juegos-de-mesa-y-cartas","8":"product_cat-pokemon-tcg","10":"first","11":"instock","12":"shipping-taxable","13":"purchasable","14":"product-type-simple"},"_links":{"self":[{"href":"https:\/\/olitienda.tnd.cl\/index.php?rest_route=\/wp\/v2\/product\/1653","targetHints":{"allow":["GET"]}}],"collection":[{"href":"https:\/\/olitienda.tnd.cl\/index.php?rest_route=\/wp\/v2\/product"}],"about":[{"href":"https:\/\/olitienda.tnd.cl\/index.php?rest_route=\/wp\/v2\/types\/product"}],"replies":[{"embeddable":true,"href":"https:\/\/olitienda.tnd.cl\/index.php?rest_route=%2Fwp%2Fv2%2Fcomments&post=1653"}],"wp:featuredmedia":[{"embeddable":true,"href":"https:\/\/olitienda.tnd.cl\/index.php?rest_route=\/wp\/v2\/media\/1693"}],"wp:attachment":[{"href":"https:\/\/olitienda.tnd.cl\/index.php?rest_route=%2Fwp%2Fv2%2Fmedia&parent=1653"}],"wp:term":[{"taxonomy":"product_cat","embeddable":true,"href":"https:\/\/olitienda.tnd.cl\/index.php?rest_route=%2Fwp%2Fv2%2Fproduct_cat&post=1653"},{"taxonomy":"product_tag","embeddable":true,"href":"https:\/\/olitienda.tnd.cl\/index.php?rest_route=%2Fwp%2Fv2%2Fproduct_tag&post=1653"}],"curies":[{"name":"wp","href":"https:\/\/api.w.org\/{rel}","templated":true}]}}