{"id":1737,"date":"2025-12-05T11:05:48","date_gmt":"2025-12-05T14:05:48","guid":{"rendered":"https:\/\/olitienda.tnd.cl\/?post_type=product&#038;p=1737"},"modified":"2025-12-05T11:06:23","modified_gmt":"2025-12-05T14:06:23","slug":"medieval-spawn-figura-comic-coleccion-spawn-1994","status":"publish","type":"product","link":"https:\/\/olitienda.tnd.cl\/?product=medieval-spawn-figura-comic-coleccion-spawn-1994","title":{"rendered":"Medieval Spawn &#8211; Figura + c\u00f3mic colecci\u00f3n Spawn (1994)"},"content":{"rendered":"","protected":false},"excerpt":{"rendered":"<p>Medieval Spawn &#8211; Figura + c\u00f3mic colecci\u00f3n Spawn (1994)<\/p>\n","protected":false},"featured_media":1815,"comment_status":"closed","ping_status":"closed","template":"","meta":[],"product_cat":[60],"product_tag":[],"class_list":{"0":"post-1737","1":"product","2":"type-product","3":"status-publish","4":"has-post-thumbnail","6":"product_cat-figuras2","8":"first","9":"instock","10":"shipping-taxable","11":"purchasable","12":"product-type-simple"},"_links":{"self":[{"href":"https:\/\/olitienda.tnd.cl\/index.php?rest_route=\/wp\/v2\/product\/1737","targetHints":{"allow":["GET"]}}],"collection":[{"href":"https:\/\/olitienda.tnd.cl\/index.php?rest_route=\/wp\/v2\/product"}],"about":[{"href":"https:\/\/olitienda.tnd.cl\/index.php?rest_route=\/wp\/v2\/types\/product"}],"replies":[{"embeddable":true,"href":"https:\/\/olitienda.tnd.cl\/index.php?rest_route=%2Fwp%2Fv2%2Fcomments&post=1737"}],"wp:featuredmedia":[{"embeddable":true,"href":"https:\/\/olitienda.tnd.cl\/index.php?rest_route=\/wp\/v2\/media\/1815"}],"wp:attachment":[{"href":"https:\/\/olitienda.tnd.cl\/index.php?rest_route=%2Fwp%2Fv2%2Fmedia&parent=1737"}],"wp:term":[{"taxonomy":"product_cat","embeddable":true,"href":"https:\/\/olitienda.tnd.cl\/index.php?rest_route=%2Fwp%2Fv2%2Fproduct_cat&post=1737"},{"taxonomy":"product_tag","embeddable":true,"href":"https:\/\/olitienda.tnd.cl\/index.php?rest_route=%2Fwp%2Fv2%2Fproduct_tag&post=1737"}],"curies":[{"name":"wp","href":"https:\/\/api.w.org\/{rel}","templated":true}]}}