{"id":3293,"date":"2025-12-05T11:13:16","date_gmt":"2025-12-05T14:13:16","guid":{"rendered":"https:\/\/olitienda.tnd.cl\/?post_type=product&#038;p=3293"},"modified":"2025-12-05T11:13:25","modified_gmt":"2025-12-05T14:13:25","slug":"la-vision-coleccion-salvat-16","status":"publish","type":"product","link":"https:\/\/olitienda.tnd.cl\/?product=la-vision-coleccion-salvat-16","title":{"rendered":"La Visi\u00f3n &#8211; Colecci\u00f3n Salvat #16"},"content":{"rendered":"","protected":false},"excerpt":{"rendered":"<p>La Visi\u00f3n &#8211; Colecci\u00f3n Salvat #16<\/p>\n","protected":false},"featured_media":3323,"comment_status":"closed","ping_status":"closed","template":"","meta":[],"product_cat":[61],"product_tag":[],"class_list":{"0":"post-3293","1":"product","2":"type-product","3":"status-publish","4":"has-post-thumbnail","6":"product_cat-comics","8":"first","9":"instock","10":"shipping-taxable","11":"purchasable","12":"product-type-simple"},"_links":{"self":[{"href":"https:\/\/olitienda.tnd.cl\/index.php?rest_route=\/wp\/v2\/product\/3293","targetHints":{"allow":["GET"]}}],"collection":[{"href":"https:\/\/olitienda.tnd.cl\/index.php?rest_route=\/wp\/v2\/product"}],"about":[{"href":"https:\/\/olitienda.tnd.cl\/index.php?rest_route=\/wp\/v2\/types\/product"}],"replies":[{"embeddable":true,"href":"https:\/\/olitienda.tnd.cl\/index.php?rest_route=%2Fwp%2Fv2%2Fcomments&post=3293"}],"wp:featuredmedia":[{"embeddable":true,"href":"https:\/\/olitienda.tnd.cl\/index.php?rest_route=\/wp\/v2\/media\/3323"}],"wp:attachment":[{"href":"https:\/\/olitienda.tnd.cl\/index.php?rest_route=%2Fwp%2Fv2%2Fmedia&parent=3293"}],"wp:term":[{"taxonomy":"product_cat","embeddable":true,"href":"https:\/\/olitienda.tnd.cl\/index.php?rest_route=%2Fwp%2Fv2%2Fproduct_cat&post=3293"},{"taxonomy":"product_tag","embeddable":true,"href":"https:\/\/olitienda.tnd.cl\/index.php?rest_route=%2Fwp%2Fv2%2Fproduct_tag&post=3293"}],"curies":[{"name":"wp","href":"https:\/\/api.w.org\/{rel}","templated":true}]}}